{"id":2984,"date":"2022-10-27T15:10:11","date_gmt":"2022-10-27T13:10:11","guid":{"rendered":"https:\/\/trackateam\/?page_id=2984"},"modified":"2022-11-11T14:06:07","modified_gmt":"2022-11-11T13:06:07","slug":"rolunk","status":"publish","type":"page","link":"https:\/\/www.trackateam.hu\/ro\/despre-noi\/","title":{"rendered":"Despre noi"},"content":{"rendered":"<div data-elementor-type=\"wp-page\" data-elementor-id=\"2984\" class=\"elementor elementor-2984\">\n\t\t\t\t\t\t<section class=\"elementor-section elementor-top-section elementor-element elementor-element-aaa88bb tat-header tat-header--white elementor-section-boxed elementor-section-height-default elementor-section-height-default\" data-id=\"aaa88bb\" data-element_type=\"section\" data-settings=\"{&quot;sticky&quot;:&quot;top&quot;,&quot;sticky_on&quot;:[&quot;desktop&quot;,&quot;tablet&quot;,&quot;mobile&quot;],&quot;sticky_offset&quot;:0,&quot;sticky_effects_offset&quot;:0}\">\n\t\t\t\t\t\t<div class=\"elementor-container elementor-column-gap-default\">\n\t\t\t\t\t<div class=\"elementor-column elementor-col-100 elementor-top-column elementor-element elementor-element-936fc3b\" data-id=\"936fc3b\" data-element_type=\"column\">\n\t\t\t<div class=\"elementor-widget-wrap elementor-element-populated\">\n\t\t\t\t\t\t<div class=\"elementor-element elementor-element-b5b44b1 elementor-widget elementor-widget-template\" data-id=\"b5b44b1\" data-element_type=\"widget\" data-widget_type=\"template.default\">\n\t\t\t\t<div class=\"elementor-widget-container\">\n\t\t\t\t\t<div class=\"elementor-template\">\n\t\t\t\t\t<div data-elementor-type=\"section\" data-elementor-id=\"3376\" class=\"elementor elementor-3376\">\n\t\t\t\t\t<div class=\"elementor-section-wrap\">\n\t\t\t\t\t\t\t\t<section class=\"elementor-section elementor-top-section elementor-element elementor-element-661346f5 elementor-section-boxed elementor-section-height-default elementor-section-height-default\" data-id=\"661346f5\" data-element_type=\"section\">\n\t\t\t\t\t\t<div class=\"elementor-container elementor-column-gap-default\">\n\t\t\t\t\t<div class=\"elementor-column elementor-col-33 elementor-top-column elementor-element elementor-element-6051bb2e\" data-id=\"6051bb2e\" data-element_type=\"column\">\n\t\t\t<div class=\"elementor-widget-wrap elementor-element-populated\">\n\t\t\t\t\t\t<div class=\"elementor-element elementor-element-79ebaa07 elementor-nav-menu--stretch elementor-widget__width-auto elementor-widget-tablet__width-auto elementor-nav-menu--dropdown-tablet elementor-nav-menu__text-align-aside elementor-nav-menu--toggle elementor-nav-menu--burger elementor-widget elementor-widget-nav-menu\" data-id=\"79ebaa07\" data-element_type=\"widget\" data-settings=\"{&quot;full_width&quot;:&quot;stretch&quot;,&quot;layout&quot;:&quot;horizontal&quot;,&quot;submenu_icon&quot;:{&quot;value&quot;:&quot;&lt;i class=\\&quot;fas fa-caret-down\\&quot;&gt;&lt;\\\/i&gt;&quot;,&quot;library&quot;:&quot;fa-solid&quot;},&quot;toggle&quot;:&quot;burger&quot;}\" data-widget_type=\"nav-menu.default\">\n\t\t\t\t<div class=\"elementor-widget-container\">\n\t\t\t\t\t\t<nav migration_allowed=\"1\" migrated=\"0\" class=\"elementor-nav-menu--main elementor-nav-menu__container elementor-nav-menu--layout-horizontal e--pointer-underline e--animation-slide\">\n\t\t\t\t<ul id=\"menu-1-79ebaa07\" class=\"elementor-nav-menu\"><li class=\"menu-item menu-item-type-post_type menu-item-object-page menu-item-2988\"><a href=\"https:\/\/www.trackateam.hu\/ro\/solutii\/\" class=\"elementor-item\">Solutii<\/a><\/li>\n<li class=\"menu-item menu-item-type-post_type menu-item-object-page menu-item-2993\"><a href=\"https:\/\/www.trackateam.hu\/ro\/functii\/\" class=\"elementor-item\">Functii<\/a><\/li>\n<li class=\"menu-item menu-item-type-post_type menu-item-object-page menu-item-2989\"><a href=\"https:\/\/www.trackateam.hu\/ro\/despre-noi\/\" class=\"elementor-item\">Despre noi<\/a><\/li>\n<li class=\"menu-item menu-item-type-post_type menu-item-object-page menu-item-2990\"><a href=\"https:\/\/www.trackateam.hu\/ro\/preturi\/\" class=\"elementor-item\">Preturi<\/a><\/li>\n<li class=\"mobil-cta menu-item menu-item-type-post_type menu-item-object-page menu-item-3849\"><a href=\"https:\/\/www.trackateam.hu\/ro\/signup\/\" class=\"elementor-item\">Ma inscriu<\/a><\/li>\n<\/ul>\t\t\t<\/nav>\n\t\t\t\t\t<div class=\"elementor-menu-toggle\" role=\"button\" tabindex=\"0\" aria-label=\"Menu Toggle\" aria-expanded=\"false\">\n\t\t\t<i aria-hidden=\"true\" role=\"presentation\" class=\"elementor-menu-toggle__icon--open eicon-menu-bar\"><\/i><i aria-hidden=\"true\" role=\"presentation\" class=\"elementor-menu-toggle__icon--close eicon-close\"><\/i>\t\t\t<span class=\"elementor-screen-only\">Meniu<\/span>\n\t\t<\/div>\n\t\t\t\t\t<nav class=\"elementor-nav-menu--dropdown elementor-nav-menu__container\" aria-hidden=\"true\">\n\t\t\t\t<ul id=\"menu-2-79ebaa07\" class=\"elementor-nav-menu\"><li class=\"menu-item menu-item-type-post_type menu-item-object-page menu-item-2988\"><a href=\"https:\/\/www.trackateam.hu\/ro\/solutii\/\" class=\"elementor-item\" tabindex=\"-1\">Solutii<\/a><\/li>\n<li class=\"menu-item menu-item-type-post_type menu-item-object-page menu-item-2993\"><a href=\"https:\/\/www.trackateam.hu\/ro\/functii\/\" class=\"elementor-item\" tabindex=\"-1\">Functii<\/a><\/li>\n<li class=\"menu-item menu-item-type-post_type menu-item-object-page menu-item-2989\"><a href=\"https:\/\/www.trackateam.hu\/ro\/despre-noi\/\" class=\"elementor-item\" tabindex=\"-1\">Despre noi<\/a><\/li>\n<li class=\"menu-item menu-item-type-post_type menu-item-object-page menu-item-2990\"><a href=\"https:\/\/www.trackateam.hu\/ro\/preturi\/\" class=\"elementor-item\" tabindex=\"-1\">Preturi<\/a><\/li>\n<li class=\"mobil-cta menu-item menu-item-type-post_type menu-item-object-page menu-item-3849\"><a href=\"https:\/\/www.trackateam.hu\/ro\/signup\/\" class=\"elementor-item\" tabindex=\"-1\">Ma inscriu<\/a><\/li>\n<\/ul>\t\t\t<\/nav>\n\t\t\t\t<\/div>\n\t\t\t\t<\/div>\n\t\t\t\t<div class=\"elementor-element elementor-element-8824751 elementor-widget-tablet__width-auto elementor-hidden-desktop elementor-widget elementor-widget-image\" data-id=\"8824751\" data-element_type=\"widget\" data-widget_type=\"image.default\">\n\t\t\t\t<div class=\"elementor-widget-container\">\n\t\t\t\t\t\t\t\t\t\t\t\t\t\t<a href=\"https:\/\/www.trackateam.hu\/ro\">\n\t\t\t\t\t\t\t<img fetchpriority=\"high\" decoding=\"async\" width=\"800\" height=\"191\" src=\"https:\/\/www.trackateam.hu\/wp-content\/uploads\/2022\/10\/logo_color.svg\" class=\"attachment-large size-large wp-image-3377\" alt=\"\" \/>\t\t\t\t\t\t\t\t<\/a>\n\t\t\t\t\t\t\t\t\t\t\t\t\t<\/div>\n\t\t\t\t<\/div>\n\t\t\t\t\t<\/div>\n\t\t<\/div>\n\t\t\t\t<div class=\"elementor-column elementor-col-33 elementor-top-column elementor-element elementor-element-39db9647 elementor-hidden-tablet elementor-hidden-mobile\" data-id=\"39db9647\" data-element_type=\"column\">\n\t\t\t<div class=\"elementor-widget-wrap elementor-element-populated\">\n\t\t\t\t\t\t<div class=\"elementor-element elementor-element-433cedd2 elementor-widget elementor-widget-image\" data-id=\"433cedd2\" data-element_type=\"widget\" data-widget_type=\"image.default\">\n\t\t\t\t<div class=\"elementor-widget-container\">\n\t\t\t\t\t\t\t\t\t\t\t\t\t\t<a href=\"https:\/\/www.trackateam.hu\/ro\">\n\t\t\t\t\t\t\t<img fetchpriority=\"high\" decoding=\"async\" width=\"800\" height=\"191\" src=\"https:\/\/www.trackateam.hu\/wp-content\/uploads\/2022\/10\/logo_color.svg\" class=\"attachment-large size-large wp-image-3377\" alt=\"\" \/>\t\t\t\t\t\t\t\t<\/a>\n\t\t\t\t\t\t\t\t\t\t\t\t\t<\/div>\n\t\t\t\t<\/div>\n\t\t\t\t\t<\/div>\n\t\t<\/div>\n\t\t\t\t<div class=\"elementor-column elementor-col-33 elementor-top-column elementor-element elementor-element-6d953358\" data-id=\"6d953358\" data-element_type=\"column\">\n\t\t\t<div class=\"elementor-widget-wrap elementor-element-populated\">\n\t\t\t\t\t\t<div class=\"elementor-element elementor-element-a385afc elementor-widget__width-auto elementor-hidden-mobile elementor-widget elementor-widget-heading\" data-id=\"a385afc\" data-element_type=\"widget\" data-widget_type=\"heading.default\">\n\t\t\t\t<div class=\"elementor-widget-container\">\n\t\t\t<h2 class=\"elementor-heading-title elementor-size-default\"><a href=\"tel: 36202295670\">Contact<br>\n+36 20 229 5670<\/a><\/h2>\t\t<\/div>\n\t\t\t\t<\/div>\n\t\t\t\t<div class=\"elementor-element elementor-element-520974b elementor-align-left elementor-widget__width-auto elementor-hidden-mobile elementor-widget elementor-widget-button\" data-id=\"520974b\" data-element_type=\"widget\" data-widget_type=\"button.default\">\n\t\t\t\t<div class=\"elementor-widget-container\">\n\t\t\t\t\t<div class=\"elementor-button-wrapper\">\n\t\t\t<a class=\"elementor-button elementor-button-link elementor-size-sm elementor-animation-grow\" href=\"https:\/\/www.trackateam.hu\/ro\/signup\/\">\n\t\t\t\t\t\t<span class=\"elementor-button-content-wrapper\">\n\t\t\t\t\t\t<span class=\"elementor-button-text\">Ma inscriu<\/span>\n\t\t<\/span>\n\t\t\t\t\t<\/a>\n\t\t<\/div>\n\t\t\t\t<\/div>\n\t\t\t\t<\/div>\n\t\t\t\t<div class=\"elementor-element elementor-element-5e9936c elementor-widget__width-auto lang__switch__black elementor-widget elementor-widget-shortcode\" data-id=\"5e9936c\" data-element_type=\"widget\" data-widget_type=\"shortcode.default\">\n\t\t\t\t<div class=\"elementor-widget-container\">\n\t\t\t\t\t<div class=\"elementor-shortcode\"><div class=\"trp_language_switcher_shortcode\">\n<div class=\"trp-language-switcher trp-language-switcher-container\" data-no-translation>\n    <div class=\"trp-ls-shortcode-current-language\">\n        <a href=\"#\" class=\"trp-ls-shortcode-disabled-language trp-ls-disabled-language\" title=\"Romanian\" onclick=\"event.preventDefault()\">\n\t\t\t RO\t\t<\/a>\n    <\/div>\n    <div class=\"trp-ls-shortcode-language\">\n                <a href=\"#\" class=\"trp-ls-shortcode-disabled-language trp-ls-disabled-language\"  title=\"Romanian\" onclick=\"event.preventDefault()\">\n\t\t\t RO\t\t<\/a>\n                    <a href=\"https:\/\/www.trackateam.hu\/wp-json\/wp\/v2\/pages\/2984\/\" title=\"Hungarian\">\n             HU        <\/a>\n\n            <a href=\"https:\/\/www.trackateam.hu\/en\/wp-json\/wp\/v2\/pages\/2984\/\" title=\"English\">\n             EN        <\/a>\n\n        <\/div>\n    <script type=\"application\/javascript\">\n        \/\/ need to have the same with set from JS on both divs. Otherwise it can push stuff around in HTML\n        var trp_ls_shortcodes = document.querySelectorAll('.trp_language_switcher_shortcode .trp-language-switcher');\n        if ( trp_ls_shortcodes.length > 0) {\n            \/\/ get the last language switcher added\n            var trp_el = trp_ls_shortcodes[trp_ls_shortcodes.length - 1];\n\n            var trp_shortcode_language_item = trp_el.querySelector( '.trp-ls-shortcode-language' )\n            \/\/ set width\n            var trp_ls_shortcode_width                                               = trp_shortcode_language_item.offsetWidth + 16;\n            trp_shortcode_language_item.style.width                                  = trp_ls_shortcode_width + 'px';\n            trp_el.querySelector( '.trp-ls-shortcode-current-language' ).style.width = trp_ls_shortcode_width + 'px';\n\n            \/\/ We're putting this on display: none after we have its width.\n            trp_shortcode_language_item.style.display = 'none';\n        }\n    <\/script>\n<\/div>\n<\/div><\/div>\n\t\t\t\t<\/div>\n\t\t\t\t<\/div>\n\t\t\t\t\t<\/div>\n\t\t<\/div>\n\t\t\t\t\t<\/div>\n\t\t<\/section>\n\t\t\t\t\t\t\t<\/div>\n\t\t\t\t<\/div>\n\t\t\t\t<\/div>\n\t\t\t\t<\/div>\n\t\t\t\t<\/div>\n\t\t\t\t\t<\/div>\n\t\t<\/div>\n\t\t\t\t\t<\/div>\n\t\t<\/section>\n\t\t\t\t<section class=\"elementor-section elementor-top-section elementor-element elementor-element-489d162 elementor-section-boxed elementor-section-height-default elementor-section-height-default\" data-id=\"489d162\" data-element_type=\"section\" data-settings=\"{&quot;background_background&quot;:&quot;classic&quot;}\">\n\t\t\t\t\t\t<div class=\"elementor-container elementor-column-gap-default\">\n\t\t\t\t\t<div class=\"elementor-column elementor-col-100 elementor-top-column elementor-element elementor-element-a8154e8\" data-id=\"a8154e8\" data-element_type=\"column\">\n\t\t\t<div class=\"elementor-widget-wrap elementor-element-populated\">\n\t\t\t\t\t\t<div class=\"elementor-element elementor-element-86516ec elementor-invisible elementor-widget elementor-widget-heading\" data-id=\"86516ec\" data-element_type=\"widget\" data-settings=\"{&quot;_animation&quot;:&quot;fadeIn&quot;}\" data-widget_type=\"heading.default\">\n\t\t\t\t<div class=\"elementor-widget-container\">\n\t\t\t<h2 class=\"elementor-heading-title elementor-size-default\">Despre noi<\/h2>\t\t<\/div>\n\t\t\t\t<\/div>\n\t\t\t\t\t<\/div>\n\t\t<\/div>\n\t\t\t\t\t<\/div>\n\t\t<\/section>\n\t\t\t\t<section class=\"elementor-section elementor-top-section elementor-element elementor-element-2d2f1ba elementor-section-boxed elementor-section-height-default elementor-section-height-default\" data-id=\"2d2f1ba\" data-element_type=\"section\" data-settings=\"{&quot;background_background&quot;:&quot;classic&quot;}\">\n\t\t\t\t\t\t<div class=\"elementor-container elementor-column-gap-default\">\n\t\t\t\t\t<div class=\"elementor-column elementor-col-100 elementor-top-column elementor-element elementor-element-4d7cdf0\" data-id=\"4d7cdf0\" data-element_type=\"column\">\n\t\t\t<div class=\"elementor-widget-wrap elementor-element-populated\">\n\t\t\t\t\t\t<div class=\"elementor-element elementor-element-d08c316 elementor-invisible elementor-widget elementor-widget-heading\" data-id=\"d08c316\" data-element_type=\"widget\" data-settings=\"{&quot;_animation&quot;:&quot;fadeIn&quot;}\" data-widget_type=\"heading.default\">\n\t\t\t\t<div class=\"elementor-widget-container\">\n\t\t\t<h3 class=\"elementor-heading-title elementor-size-default\">Webstar spinoff<\/h3>\t\t<\/div>\n\t\t\t\t<\/div>\n\t\t\t\t<div class=\"elementor-element elementor-element-ec49d3c elementor-widget elementor-widget-text-editor\" data-id=\"ec49d3c\" data-element_type=\"widget\" data-widget_type=\"text-editor.default\">\n\t\t\t\t<div class=\"elementor-widget-container\">\n\t\t\t\t\t\t\t<p>Compania noastr\u0103-mam\u0103 este Webstar CSOPORT Kft., o companie maghiar\u0103 de dezvoltare de software cu peste 60 de dezvoltatori califica\u021bi \u0219i hot\u0103r\u00e2\u021bi a c\u0103ror pasiune este codificarea. \u00cen ultimii 25 de ani, proiectele companiei au inclus dezvoltarea de site-uri web, sisteme de management, manageri de documente, un magazin online, diverse aplica\u021bii mobile \u0219i multe altele. Acest lucru ne ofer\u0103 un fundal stabil at\u00e2t \u00een \u200b\u200bceea ce prive\u0219te competen\u021bele de dezvoltare, c\u00e2t \u0219i resursele financiare necesare pentru lansarea propriului produs.<\/p>\t\t\t\t\t\t<\/div>\n\t\t\t\t<\/div>\n\t\t\t\t\t<\/div>\n\t\t<\/div>\n\t\t\t\t\t<\/div>\n\t\t<\/section>\n\t\t\t\t<section class=\"elementor-section elementor-top-section elementor-element elementor-element-a51ab84 elementor-section-boxed elementor-section-height-default elementor-section-height-default\" data-id=\"a51ab84\" data-element_type=\"section\" data-settings=\"{&quot;background_background&quot;:&quot;classic&quot;}\">\n\t\t\t\t\t\t<div class=\"elementor-container elementor-column-gap-default\">\n\t\t\t\t\t<div class=\"elementor-column elementor-col-100 elementor-top-column elementor-element elementor-element-0e6ae3d\" data-id=\"0e6ae3d\" data-element_type=\"column\">\n\t\t\t<div class=\"elementor-widget-wrap elementor-element-populated\">\n\t\t\t\t\t\t<div class=\"elementor-element elementor-element-bae83f2 elementor-widget elementor-widget-image\" data-id=\"bae83f2\" data-element_type=\"widget\" data-widget_type=\"image.default\">\n\t\t\t\t<div class=\"elementor-widget-container\">\n\t\t\t\t\t\t\t\t\t\t\t\t\t<img decoding=\"async\" width=\"2000\" height=\"1322\" src=\"https:\/\/www.trackateam.hu\/wp-content\/uploads\/2022\/10\/about.jpg\" class=\"attachment-full size-full wp-image-3370\" alt=\"\" srcset=\"https:\/\/www.trackateam.hu\/wp-content\/uploads\/2022\/10\/about.jpg 2000w, https:\/\/www.trackateam.hu\/wp-content\/uploads\/2022\/10\/about-300x198.jpg 300w, https:\/\/www.trackateam.hu\/wp-content\/uploads\/2022\/10\/about-1024x677.jpg 1024w, https:\/\/www.trackateam.hu\/wp-content\/uploads\/2022\/10\/about-768x508.jpg 768w, https:\/\/www.trackateam.hu\/wp-content\/uploads\/2022\/10\/about-1536x1015.jpg 1536w\" sizes=\"(max-width: 2000px) 100vw, 2000px\" \/>\t\t\t\t\t\t\t\t\t\t\t\t\t<\/div>\n\t\t\t\t<\/div>\n\t\t\t\t\t<\/div>\n\t\t<\/div>\n\t\t\t\t\t<\/div>\n\t\t<\/section>\n\t\t\t\t<section class=\"elementor-section elementor-top-section elementor-element elementor-element-b7da8cf elementor-section-boxed elementor-section-height-default elementor-section-height-default\" data-id=\"b7da8cf\" data-element_type=\"section\" data-settings=\"{&quot;background_background&quot;:&quot;classic&quot;}\">\n\t\t\t\t\t\t<div class=\"elementor-container elementor-column-gap-default\">\n\t\t\t\t\t<div class=\"elementor-column elementor-col-100 elementor-top-column elementor-element elementor-element-fbabe87\" data-id=\"fbabe87\" data-element_type=\"column\">\n\t\t\t<div class=\"elementor-widget-wrap elementor-element-populated\">\n\t\t\t\t\t\t<div class=\"elementor-element elementor-element-eabe4f4 elementor-invisible elementor-widget elementor-widget-heading\" data-id=\"eabe4f4\" data-element_type=\"widget\" data-settings=\"{&quot;_animation&quot;:&quot;fadeIn&quot;}\" data-widget_type=\"heading.default\">\n\t\t\t\t<div class=\"elementor-widget-container\">\n\t\t\t<h3 class=\"elementor-heading-title elementor-size-default\">Metodologie<\/h3>\t\t<\/div>\n\t\t\t\t<\/div>\n\t\t\t\t<div class=\"elementor-element elementor-element-6c6958f elementor-widget elementor-widget-text-editor\" data-id=\"6c6958f\" data-element_type=\"widget\" data-widget_type=\"text-editor.default\">\n\t\t\t\t<div class=\"elementor-widget-container\">\n\t\t\t\t\t\t\tMunca noastr\u0103 se bazeaz\u0103 pe metodologia design thinking care c\u00e2\u0219tig\u0103 teren \u00een dezvoltarea produselor moderne. \u00cen practic\u0103, acest lucru se manifest\u0103 \u00een rolul central al clien\u021bilor \u0219i al pie\u021bei. Pentru direc\u021biile viitoare ale produsului, r\u0103spundem nevoilor acestora, oferim solu\u021bii reale la dificult\u0103\u021bile lor cotidiene, pe care le test\u0103m cu ei \u00eenainte de dezvoltare, pentru a fi siguri c\u0103 vom implementa solu\u021bia care are cea mai mare valoare ad\u0103ugat\u0103.\t\t\t\t\t\t<\/div>\n\t\t\t\t<\/div>\n\t\t\t\t<div class=\"elementor-element elementor-element-e1ae5f8 elementor-widget elementor-widget-spacer\" data-id=\"e1ae5f8\" data-element_type=\"widget\" data-widget_type=\"spacer.default\">\n\t\t\t\t<div class=\"elementor-widget-container\">\n\t\t\t\t\t<div class=\"elementor-spacer\">\n\t\t\t<div class=\"elementor-spacer-inner\"><\/div>\n\t\t<\/div>\n\t\t\t\t<\/div>\n\t\t\t\t<\/div>\n\t\t\t\t<div class=\"elementor-element elementor-element-5909a1b elementor-invisible elementor-widget elementor-widget-heading\" data-id=\"5909a1b\" data-element_type=\"widget\" data-settings=\"{&quot;_animation&quot;:&quot;fadeIn&quot;}\" data-widget_type=\"heading.default\">\n\t\t\t\t<div class=\"elementor-widget-container\">\n\t\t\t<h3 class=\"elementor-heading-title elementor-size-default\">Expertiza sportiva<\/h3>\t\t<\/div>\n\t\t\t\t<\/div>\n\t\t\t\t<div class=\"elementor-element elementor-element-f855f07 elementor-widget elementor-widget-text-editor\" data-id=\"f855f07\" data-element_type=\"widget\" data-widget_type=\"text-editor.default\">\n\t\t\t\t<div class=\"elementor-widget-container\">\n\t\t\t\t\t\t\t<p>Cuno\u0219tin\u021bele sportive profesionale sunt, de asemenea, asociate cu ma\u0219ina de dezvoltare eficient\u0103. Membrii echipei noastre includ antrenori, anali\u0219ti video \u0219i sportivi de competi\u021bie. Datorit\u0103 lor, nu numai c\u0103 devine u\u0219or s\u0103 g\u0103sim un limbaj comun cu clien\u021bii no\u0219tri, dar datorit\u0103 muncii lor active ca antrenori\/sportivi, ne \u021bin la curent cu tendin\u021bele profesionale \u00een sport.<\/p>\t\t\t\t\t\t<\/div>\n\t\t\t\t<\/div>\n\t\t\t\t<div class=\"elementor-element elementor-element-ae9668d elementor-widget elementor-widget-spacer\" data-id=\"ae9668d\" data-element_type=\"widget\" data-widget_type=\"spacer.default\">\n\t\t\t\t<div class=\"elementor-widget-container\">\n\t\t\t\t\t<div class=\"elementor-spacer\">\n\t\t\t<div class=\"elementor-spacer-inner\"><\/div>\n\t\t<\/div>\n\t\t\t\t<\/div>\n\t\t\t\t<\/div>\n\t\t\t\t\t<\/div>\n\t\t<\/div>\n\t\t\t\t\t<\/div>\n\t\t<\/section>\n\t\t\t\t<\/div>","protected":false},"excerpt":{"rendered":"<p>R\u00f3lunk Webstar spinoff Anyac\u00e9g\u00fcnk a Webstar Kft., egy magyar szoftverfejleszt\u0151 c\u00e9g t\u00f6bb, mint 60 szakk\u00e9pzett, elsz\u00e1nt fejleszt\u0151vel, akiknek szenved\u00e9lye a k\u00f3dol\u00e1s. Az elm\u00falt 25 \u00e9vben a c\u00e9g projektjei k\u00f6z\u00f6tt volt honlapfejleszt\u00e9s, ir\u00e1ny\u00edt\u00e1si rendszerek, dokumentumkezel\u0151k, webshop, k\u00fcl\u00f6nb\u00f6z\u0151 mobilapplik\u00e1ci\u00f3k, \u00e9s m\u00e9g sok egy\u00e9b. Ez adja nek\u00fcnk a stabil h\u00e1tteret mind a fejleszt\u0151i kompetenci\u00e1kat, mind a saj\u00e1t term\u00e9k [&hellip;]<\/p>","protected":false},"author":2,"featured_media":0,"parent":0,"menu_order":0,"comment_status":"closed","ping_status":"closed","template":"","meta":{"_acf_changed":false,"inline_featured_image":false,"footnotes":""},"acf":[],"_links":{"self":[{"href":"https:\/\/www.trackateam.hu\/ro\/wp-json\/wp\/v2\/pages\/2984"}],"collection":[{"href":"https:\/\/www.trackateam.hu\/ro\/wp-json\/wp\/v2\/pages"}],"about":[{"href":"https:\/\/www.trackateam.hu\/ro\/wp-json\/wp\/v2\/types\/page"}],"author":[{"embeddable":true,"href":"https:\/\/www.trackateam.hu\/ro\/wp-json\/wp\/v2\/users\/2"}],"replies":[{"embeddable":true,"href":"https:\/\/www.trackateam.hu\/ro\/wp-json\/wp\/v2\/comments?post=2984"}],"version-history":[{"count":6,"href":"https:\/\/www.trackateam.hu\/ro\/wp-json\/wp\/v2\/pages\/2984\/revisions"}],"predecessor-version":[{"id":4069,"href":"https:\/\/www.trackateam.hu\/ro\/wp-json\/wp\/v2\/pages\/2984\/revisions\/4069"}],"wp:attachment":[{"href":"https:\/\/www.trackateam.hu\/ro\/wp-json\/wp\/v2\/media?parent=2984"}],"curies":[{"name":"wp","href":"https:\/\/api.w.org\/{rel}","templated":true}]}}